{"id":231,"date":"2025-02-25T14:50:20","date_gmt":"2025-02-25T14:50:20","guid":{"rendered":"https:\/\/transitatransportadora.com.br\/?page_id=231"},"modified":"2025-02-25T14:53:18","modified_gmt":"2025-02-25T14:53:18","slug":"programa-ecovadis","status":"publish","type":"page","link":"https:\/\/transitatransportadora.com.br\/?page_id=231","title":{"rendered":"Programa Ecovadis"},"content":{"rendered":"\t\t<div data-elementor-type=\"wp-page\" data-elementor-id=\"231\" class=\"elementor elementor-231\" data-elementor-post-type=\"page\">\n\t\t\t\t<div class=\"elementor-element elementor-element-52849be1 e-flex e-con-boxed e-con e-parent\" data-id=\"52849be1\" data-element_type=\"container\" data-settings=\"{&quot;background_background&quot;:&quot;classic&quot;}\">\n\t\t\t\t\t<div class=\"e-con-inner\">\n\t\t\t\t<div class=\"elementor-element elementor-element-5afc68f7 elementor-widget__width-initial elementor-widget elementor-widget-heading\" data-id=\"5afc68f7\" data-element_type=\"widget\" data-widget_type=\"heading.default\">\n\t\t\t\t<div class=\"elementor-widget-container\">\n\t\t\t\t\t<h2 class=\"elementor-heading-title elementor-size-default\">Programa Ecovadis<\/h2>\t\t\t\t<\/div>\n\t\t\t\t<\/div>\n\t\t\t\t\t<\/div>\n\t\t\t\t<\/div>\n\t\t<div class=\"elementor-element elementor-element-1e7e4057 e-flex e-con-boxed e-con e-parent\" data-id=\"1e7e4057\" data-element_type=\"container\" id=\"solucoes\" data-settings=\"{&quot;background_background&quot;:&quot;classic&quot;}\">\n\t\t\t\t\t<div class=\"e-con-inner\">\n\t\t<div class=\"elementor-element elementor-element-72b5f99e e-con-full e-flex e-con e-child\" data-id=\"72b5f99e\" data-element_type=\"container\">\n\t\t\t\t<div class=\"elementor-element elementor-element-29fc4073 elementor-widget__width-initial elementor-widget elementor-widget-heading\" data-id=\"29fc4073\" data-element_type=\"widget\" data-widget_type=\"heading.default\">\n\t\t\t\t<div class=\"elementor-widget-container\">\n\t\t\t\t\t<h2 class=\"elementor-heading-title elementor-size-default\">TRANSITA TRANSPORTES<\/h2>\t\t\t\t<\/div>\n\t\t\t\t<\/div>\n\t\t\t\t<div class=\"elementor-element elementor-element-5d15f35 elementor-widget elementor-widget-image\" data-id=\"5d15f35\" data-element_type=\"widget\" data-widget_type=\"image.default\">\n\t\t\t\t<div class=\"elementor-widget-container\">\n\t\t\t\t\t\t\t\t\t\t\t\t\t\t\t<img fetchpriority=\"high\" decoding=\"async\" width=\"800\" height=\"333\" src=\"https:\/\/transitatransportadora.com.br\/wp-content\/uploads\/2025\/02\/f7fafb6e-1dbd-48cc-9b77-e2e59ce19c1c.webp\" class=\"attachment-large size-large wp-image-233\" alt=\"\" srcset=\"https:\/\/transitatransportadora.com.br\/wp-content\/uploads\/2025\/02\/f7fafb6e-1dbd-48cc-9b77-e2e59ce19c1c.webp 1000w, https:\/\/transitatransportadora.com.br\/wp-content\/uploads\/2025\/02\/f7fafb6e-1dbd-48cc-9b77-e2e59ce19c1c-300x125.webp 300w, https:\/\/transitatransportadora.com.br\/wp-content\/uploads\/2025\/02\/f7fafb6e-1dbd-48cc-9b77-e2e59ce19c1c-768x319.webp 768w\" sizes=\"(max-width: 800px) 100vw, 800px\" \/>\t\t\t\t\t\t\t\t\t\t\t\t\t\t\t<\/div>\n\t\t\t\t<\/div>\n\t\t\t\t<div class=\"elementor-element elementor-element-5133afd elementor-widget__width-initial elementor-widget elementor-widget-text-editor\" data-id=\"5133afd\" data-element_type=\"widget\" data-widget_type=\"text-editor.default\">\n\t\t\t\t<div class=\"elementor-widget-container\">\n\t\t\t\t\t\t\t\t\t<p>A <strong>ECOVADIS<\/strong> com o objetivo de avaliar a sustentabilidade empresarial, seja para atender um pedido do cliente ou para melhorar suas pr\u00f3prias pr\u00e1ticas dentro da organiza\u00e7\u00e3o. \u00c9 realizado e personalizado para cada empresa, onde se obt\u00e9m a qualidade e efici\u00eancia do sistema de gest\u00e3o RSE (Responsabilidade Social Empresarial) dentro de 4 temas:<\/p><p><strong>Meio Ambiente<\/strong> <br \/>Impacto dos processos de produ\u00e7\u00e3o (consumo de energia, \u00e1gua, biodiversidade, polui\u00e7\u00e3o local e acidental, emiss\u00f5es de GEE), impacto do uso do produto e fim de vida<\/p><p><strong>Pr\u00e1ticas Trabalhistas e Direitos Humanos<\/strong> <br \/>Gest\u00e3o de recursos humanos (preven\u00e7\u00e3o de acidentes, treinamento de pessoal, condi\u00e7\u00f5es de trabalho, di\u00e1logo social) e Direitos Humanos (respeito \u00e0s leis trabalhistas, diversidade, discrimina\u00e7\u00e3o)<\/p><p><strong>\u00c9tica<\/strong><br \/>Corrup\u00e7\u00e3o, pr\u00e1ticas anticompetitivas e responsabilidade pela gest\u00e3o da informa\u00e7\u00e3o<\/p><p><strong>Compras Sustent\u00e1veis<\/strong><br \/>Pr\u00e1ticas ambientais e sociais do fornecedor<\/p>\t\t\t\t\t\t\t\t<\/div>\n\t\t\t\t<\/div>\n\t\t\t\t<\/div>\n\t\t\t\t\t<\/div>\n\t\t\t\t<\/div>\n\t\t\t\t<\/div>\n\t\t","protected":false},"excerpt":{"rendered":"<p>Programa Ecovadis TRANSITA TRANSPORTES A ECOVADIS com o objetivo de avaliar a sustentabilidade empresarial, seja para atender um pedido do cliente ou para melhorar suas pr\u00f3prias pr\u00e1ticas dentro da organiza\u00e7\u00e3o. \u00c9 realizado e personalizado para cada empresa, onde se obt\u00e9m a qualidade e efici\u00eancia do sistema de gest\u00e3o RSE (Responsabilidade Social Empresarial) dentro de 4 [&hellip;]<\/p>\n","protected":false},"author":1,"featured_media":0,"parent":0,"menu_order":0,"comment_status":"closed","ping_status":"closed","template":"elementor_header_footer","meta":{"footnotes":""},"class_list":["post-231","page","type-page","status-publish","hentry"],"_links":{"self":[{"href":"https:\/\/transitatransportadora.com.br\/index.php?rest_route=\/wp\/v2\/pages\/231","targetHints":{"allow":["GET"]}}],"collection":[{"href":"https:\/\/transitatransportadora.com.br\/index.php?rest_route=\/wp\/v2\/pages"}],"about":[{"href":"https:\/\/transitatransportadora.com.br\/index.php?rest_route=\/wp\/v2\/types\/page"}],"author":[{"embeddable":true,"href":"https:\/\/transitatransportadora.com.br\/index.php?rest_route=\/wp\/v2\/users\/1"}],"replies":[{"embeddable":true,"href":"https:\/\/transitatransportadora.com.br\/index.php?rest_route=%2Fwp%2Fv2%2Fcomments&post=231"}],"version-history":[{"count":4,"href":"https:\/\/transitatransportadora.com.br\/index.php?rest_route=\/wp\/v2\/pages\/231\/revisions"}],"predecessor-version":[{"id":237,"href":"https:\/\/transitatransportadora.com.br\/index.php?rest_route=\/wp\/v2\/pages\/231\/revisions\/237"}],"wp:attachment":[{"href":"https:\/\/transitatransportadora.com.br\/index.php?rest_route=%2Fwp%2Fv2%2Fmedia&parent=231"}],"curies":[{"name":"wp","href":"https:\/\/api.w.org\/{rel}","templated":true}]}}