{"id":221,"date":"2025-02-25T14:45:22","date_gmt":"2025-02-25T14:45:22","guid":{"rendered":"https:\/\/transitatransportadora.com.br\/?page_id=221"},"modified":"2025-02-25T14:48:39","modified_gmt":"2025-02-25T14:48:39","slug":"programa-na-mao-certa","status":"publish","type":"page","link":"https:\/\/transitatransportadora.com.br\/?page_id=221","title":{"rendered":"Programa na M\u00e3o Certa"},"content":{"rendered":"\t\t<div data-elementor-type=\"wp-page\" data-elementor-id=\"221\" class=\"elementor elementor-221\" data-elementor-post-type=\"page\">\n\t\t\t\t<div class=\"elementor-element elementor-element-52849be1 e-flex e-con-boxed e-con e-parent\" data-id=\"52849be1\" data-element_type=\"container\" data-settings=\"{&quot;background_background&quot;:&quot;classic&quot;}\">\n\t\t\t\t\t<div class=\"e-con-inner\">\n\t\t\t\t<div class=\"elementor-element elementor-element-5afc68f7 elementor-widget__width-initial elementor-widget elementor-widget-heading\" data-id=\"5afc68f7\" data-element_type=\"widget\" data-widget_type=\"heading.default\">\n\t\t\t\t<div class=\"elementor-widget-container\">\n\t\t\t\t\t<h2 class=\"elementor-heading-title elementor-size-default\">Programa na M\u00e3o Certa<\/h2>\t\t\t\t<\/div>\n\t\t\t\t<\/div>\n\t\t\t\t\t<\/div>\n\t\t\t\t<\/div>\n\t\t<div class=\"elementor-element elementor-element-1e7e4057 e-flex e-con-boxed e-con e-parent\" data-id=\"1e7e4057\" data-element_type=\"container\" id=\"solucoes\" data-settings=\"{&quot;background_background&quot;:&quot;classic&quot;}\">\n\t\t\t\t\t<div class=\"e-con-inner\">\n\t\t<div class=\"elementor-element elementor-element-72b5f99e e-con-full e-flex e-con e-child\" data-id=\"72b5f99e\" data-element_type=\"container\">\n\t\t\t\t<div class=\"elementor-element elementor-element-29fc4073 elementor-widget__width-initial elementor-widget elementor-widget-heading\" data-id=\"29fc4073\" data-element_type=\"widget\" data-widget_type=\"heading.default\">\n\t\t\t\t<div class=\"elementor-widget-container\">\n\t\t\t\t\t<h2 class=\"elementor-heading-title elementor-size-default\">TRANSITA TRANSPORTES<\/h2>\t\t\t\t<\/div>\n\t\t\t\t<\/div>\n\t\t\t\t<div class=\"elementor-element elementor-element-5d15f35 elementor-widget elementor-widget-image\" data-id=\"5d15f35\" data-element_type=\"widget\" data-widget_type=\"image.default\">\n\t\t\t\t<div class=\"elementor-widget-container\">\n\t\t\t\t\t\t\t\t\t\t\t\t\t\t\t<img fetchpriority=\"high\" decoding=\"async\" width=\"800\" height=\"208\" src=\"https:\/\/transitatransportadora.com.br\/wp-content\/uploads\/2025\/02\/logo-chb-pnmc-horizontal-branco-rgb-1.webp\" class=\"attachment-large size-large wp-image-223\" alt=\"\" srcset=\"https:\/\/transitatransportadora.com.br\/wp-content\/uploads\/2025\/02\/logo-chb-pnmc-horizontal-branco-rgb-1.webp 1000w, https:\/\/transitatransportadora.com.br\/wp-content\/uploads\/2025\/02\/logo-chb-pnmc-horizontal-branco-rgb-1-300x78.webp 300w, https:\/\/transitatransportadora.com.br\/wp-content\/uploads\/2025\/02\/logo-chb-pnmc-horizontal-branco-rgb-1-768x200.webp 768w\" sizes=\"(max-width: 800px) 100vw, 800px\" \/>\t\t\t\t\t\t\t\t\t\t\t\t\t\t\t<\/div>\n\t\t\t\t<\/div>\n\t\t\t\t<div class=\"elementor-element elementor-element-5133afd elementor-widget__width-initial elementor-widget elementor-widget-text-editor\" data-id=\"5133afd\" data-element_type=\"widget\" data-widget_type=\"text-editor.default\">\n\t\t\t\t<div class=\"elementor-widget-container\">\n\t\t\t\t\t\t\t\t\t<p>O programa atua, para que as empresas olhem para o caminhoneiro com mais aten\u00e7\u00e3o e cuidados, considerando seu grande potencial de transformar a realidade da inf\u00e2ncia e adolesc\u00eancia. Para isso, a principal estrat\u00e9gia da Transita \u00e9 a sensibiliza\u00e7\u00e3o deste profissional, de forma que ele se torne um agente de prote\u00e7\u00e3o dos direitos de crian\u00e7as e adolescentes, com foco no enfrentamento da explora\u00e7\u00e3o sexual.<\/p><p>A Transita, entendendo sua fun\u00e7\u00e3o junto a sociedade, de promover a\u00e7\u00f5es de conscientiza\u00e7\u00e3o interna e externa, para o enfrentamento \u00e0 explora\u00e7\u00e3o sexual de crian\u00e7as e adolescentes nas rodovias brasileiras, aderiu ao pacto empresarial proposto, tornando-se assim, uma das mais de 2.000 empresas e entidades empresarias signat\u00e1rias do mesmo.<\/p>\t\t\t\t\t\t\t\t<\/div>\n\t\t\t\t<\/div>\n\t\t\t\t<\/div>\n\t\t\t\t\t<\/div>\n\t\t\t\t<\/div>\n\t\t\t\t<\/div>\n\t\t","protected":false},"excerpt":{"rendered":"<p>Programa na M\u00e3o Certa TRANSITA TRANSPORTES O programa atua, para que as empresas olhem para o caminhoneiro com mais aten\u00e7\u00e3o e cuidados, considerando seu grande potencial de transformar a realidade da inf\u00e2ncia e adolesc\u00eancia. Para isso, a principal estrat\u00e9gia da Transita \u00e9 a sensibiliza\u00e7\u00e3o deste profissional, de forma que ele se torne um agente de [&hellip;]<\/p>\n","protected":false},"author":1,"featured_media":0,"parent":0,"menu_order":0,"comment_status":"closed","ping_status":"closed","template":"elementor_header_footer","meta":{"footnotes":""},"class_list":["post-221","page","type-page","status-publish","hentry"],"_links":{"self":[{"href":"https:\/\/transitatransportadora.com.br\/index.php?rest_route=\/wp\/v2\/pages\/221","targetHints":{"allow":["GET"]}}],"collection":[{"href":"https:\/\/transitatransportadora.com.br\/index.php?rest_route=\/wp\/v2\/pages"}],"about":[{"href":"https:\/\/transitatransportadora.com.br\/index.php?rest_route=\/wp\/v2\/types\/page"}],"author":[{"embeddable":true,"href":"https:\/\/transitatransportadora.com.br\/index.php?rest_route=\/wp\/v2\/users\/1"}],"replies":[{"embeddable":true,"href":"https:\/\/transitatransportadora.com.br\/index.php?rest_route=%2Fwp%2Fv2%2Fcomments&post=221"}],"version-history":[{"count":7,"href":"https:\/\/transitatransportadora.com.br\/index.php?rest_route=\/wp\/v2\/pages\/221\/revisions"}],"predecessor-version":[{"id":230,"href":"https:\/\/transitatransportadora.com.br\/index.php?rest_route=\/wp\/v2\/pages\/221\/revisions\/230"}],"wp:attachment":[{"href":"https:\/\/transitatransportadora.com.br\/index.php?rest_route=%2Fwp%2Fv2%2Fmedia&parent=221"}],"curies":[{"name":"wp","href":"https:\/\/api.w.org\/{rel}","templated":true}]}}